{"id":13,"date":"2026-03-02T17:22:49","date_gmt":"2026-03-02T16:22:49","guid":{"rendered":"https:\/\/yazid.monsieurrado.fr\/?page_id=13"},"modified":"2026-03-31T12:39:14","modified_gmt":"2026-03-31T10:39:14","slug":"accueil","status":"publish","type":"page","link":"https:\/\/yazid.monsieurrado.fr\/","title":{"rendered":"Accueil"},"content":{"rendered":"\n<div class=\"wp-block-cover alignfull is-light hestia-clear-top-padding\"><span aria-hidden=\"true\" class=\"wp-block-cover__background has-white-background-color has-background-dim-100 has-background-dim\"><\/span><div class=\"wp-block-cover__inner-container is-layout-flow wp-block-cover-is-layout-flow\">\n<h2 class=\"wp-block-heading has-text-align-center has-text-color\" style=\"color:#3c4858\">Encyclop\u00e9die de l\u2019univers GOT<\/h2>\n\n\n\n<div style=\"height:40px\" aria-hidden=\"true\" class=\"wp-block-spacer\"><\/div>\n\n\n\n<div class=\"wp-block-columns container is-layout-flex wp-container-core-columns-is-layout-28f84493 wp-block-columns-is-layout-flex\">\n<div class=\"wp-block-column is-layout-flow wp-block-column-is-layout-flow\">\n<p class=\"has-text-align-center\"><em>                        <\/em>\ud83c\udff0<\/p>\n\n\n\n<h5 class=\"wp-block-heading has-text-align-center has-text-color\" style=\"color:#3c4858;font-size:18px\"><em>Les Grandes Maisons<\/em><\/h5>\n\n\n\n<p class=\"has-text-align-center has-text-color\" style=\"color:#999999;font-size:13px\">\ud83d\udc3a <strong>Maison Stark<\/strong> \u2013 L\u2019honneur avant tout.<\/p>\n\n\n\n<p class=\"has-text-color\" style=\"color:#999999;font-size:13px\">\ud83e\udd81 <strong>Maison Lannister<\/strong> \u2013 Le pouvoir et la richesse.<\/p>\n\n\n\n<p class=\"has-text-color\" style=\"color:#999999;font-size:13px\">\ud83d\udc09 Maison Targaryen \u2013 Le feu et le sang.<\/p>\n\n\n\n<p class=\"has-text-align-center has-text-color\" style=\"color:#999999;font-size:13px\">\ud83e\udd8c Maison Baratheon \u2013 La force et la l\u00e9gitimit\u00e9.<\/p>\n\n\n\n<div style=\"height:25px\" aria-hidden=\"true\" class=\"wp-block-spacer\"><\/div>\n<\/div>\n\n\n\n<div class=\"wp-block-column is-layout-flow wp-block-column-is-layout-flow\">\n<p class=\"has-text-align-center\"> <em>\u2694\ufe0f<\/em><\/p>\n\n\n\n<h5 class=\"wp-block-heading has-text-align-center has-text-color\" style=\"color:#3c4858;font-size:18px\">Personnages Iconiques<\/h5>\n\n\n\n<p class=\"has-text-align-left has-text-color\" style=\"color:#999999;font-size:14px\">Jon Snow<\/p>\n\n\n\n<p class=\"has-text-color\" style=\"color:#999999;font-size:14px\">                   Daenerys Targaryen<\/p>\n\n\n\n<p class=\"has-text-color\" style=\"color:#999999;font-size:14px\">                      Tyrion Lannister<\/p>\n\n\n\n<p class=\"has-text-align-left has-text-color\" style=\"color:#999999;font-size:14px\">Arya Stark<\/p>\n\n\n\n<div style=\"height:25px\" aria-hidden=\"true\" class=\"wp-block-spacer\"><\/div>\n<\/div>\n\n\n\n<div class=\"wp-block-column is-layout-flow wp-block-column-is-layout-flow\">\n<h5 class=\"wp-block-heading has-text-align-center has-text-color\" style=\"color:#3c4858;font-size:18px\">\ud83d\uddfa\ufe0f <\/h5>\n\n\n\n<p class=\"has-text-align-center\"><strong>Lieux<\/strong><\/p>\n\n\n\n<p class=\"has-text-align-left has-text-color\" style=\"color:#999999;font-size:14px\">Winterfell<\/p>\n\n\n\n<p class=\"has-text-align-left has-text-color\" style=\"color:#999999;font-size:14px\">King&#8217;s Landing<\/p>\n\n\n\n<p class=\"has-text-align-left has-text-color\" style=\"color:#999999;font-size:14px\">The Wall<\/p>\n\n\n\n<p class=\"has-text-align-left has-text-color\" style=\"color:#999999;font-size:14px\">Dragonstone<\/p>\n\n\n\n<p class=\"has-text-align-left has-text-color\" style=\"color:#999999;font-size:14px\">Braavos<\/p>\n\n\n\n<div style=\"height:25px\" aria-hidden=\"true\" class=\"wp-block-spacer\"><\/div>\n<\/div>\n<\/div>\n\n\n\n<div style=\"height:40px\" aria-hidden=\"true\" class=\"wp-block-spacer\"><\/div>\n<\/div><\/div>\n\n\n\n<div class=\"wp-block-columns container is-layout-flex wp-container-core-columns-is-layout-28f84493 wp-block-columns-is-layout-flex\">\n<div class=\"wp-block-column col-md-5 is-layout-flow wp-block-column-is-layout-flow\">\n<div style=\"height:55px\" aria-hidden=\"true\" class=\"wp-block-spacer\"><\/div>\n\n\n\n<h2 class=\"wp-block-heading\">R\u00e9sum\u00e9<\/h2>\n\n\n\n<p>Game of Thrones raconte la lutte entre plusieurs grandes familles, comme la House Stark, la House Lannister et la House Targaryen, pour contr\u00f4ler le Iron Throne et r\u00e9gner sur Westeros. Pendant ce temps, une menace dangereuse approche du nord : les White Walkers.<\/p>\n<\/div>\n\n\n\n<div class=\"wp-block-column col-md-6 col-md-offset1 is-layout-flow wp-block-column-is-layout-flow\">\n<div style=\"height:55px\" aria-hidden=\"true\" class=\"wp-block-spacer\"><\/div>\n\n\n\n<p><\/p>\n<\/div>\n<\/div>\n\n\n<div class=\"pt-cv-wrapper\"><div class=\"pt-cv-view pt-cv-blockgrid iscvblock iscvhybrid grid1 layout1\" id=\"pt-cv-view-b6f030edza\"><div data-id=\"pt-cv-page-1\" class=\"pt-cv-page\" data-cvc=\"3\"><div class=\" pt-cv-content-item pt-cv-1-col\" ><div class=\"pt-cv-thumb-wrapper  \"><a href=\"https:\/\/yazid.monsieurrado.fr\/index.php\/2026\/03\/02\/appearance-guide\/\" class=\"_self pt-cv-href-thumbnail pt-cv-thumb-default\" target=\"_self\" ><img fetchpriority=\"high\" decoding=\"async\" width=\"300\" height=\"200\" src=\"https:\/\/yazid.monsieurrado.fr\/wp-content\/uploads\/2026\/03\/image-5-300x200.png\" class=\"pt-cv-thumbnail\" alt=\"\" srcset=\"https:\/\/yazid.monsieurrado.fr\/wp-content\/uploads\/2026\/03\/image-5-300x200.png 300w, https:\/\/yazid.monsieurrado.fr\/wp-content\/uploads\/2026\/03\/image-5-1024x682.png 1024w, https:\/\/yazid.monsieurrado.fr\/wp-content\/uploads\/2026\/03\/image-5-768x511.png 768w, https:\/\/yazid.monsieurrado.fr\/wp-content\/uploads\/2026\/03\/image-5-1536x1023.png 1536w, https:\/\/yazid.monsieurrado.fr\/wp-content\/uploads\/2026\/03\/image-5-2048x1364.png 2048w, https:\/\/yazid.monsieurrado.fr\/wp-content\/uploads\/2026\/03\/image-5-360x240.png 360w, https:\/\/yazid.monsieurrado.fr\/wp-content\/uploads\/2026\/03\/image-5-600x400.png 600w\" sizes=\"(max-width: 300px) 100vw, 300px\" \/><\/a><\/div>\n<div class=\"pt-cv-taxoterm above_title\"><a href='https:\/\/yazid.monsieurrado.fr\/index.php\/category\/theorie-2\/' title='Th\u00e9orie' class='pt-cv-tax-theorie-2'>Th\u00e9orie<\/a><\/div>\n<h4 class=\"pt-cv-title\"><a href=\"https:\/\/yazid.monsieurrado.fr\/index.php\/2026\/03\/02\/appearance-guide\/\" class=\"_self\" target=\"_self\" >Qui m\u00e9rite le tr\u00f4ne de fer ?<\/a><\/h4>\n<div class=\"pt-cv-content\">La question \u201cQui m\u00e9rite le tr\u00f4ne de fer ?\u201d dans Game of Thrones d\u00e9pend du point de vue \ud83d\udc51. Voici ...<br \/><div class=\"pt-cv-rmwrap\"><a href=\"https:\/\/yazid.monsieurrado.fr\/index.php\/2026\/03\/02\/appearance-guide\/\" class=\"_self pt-cv-readmore btn btn-success\" target=\"_self\">Lire La Suite\u2026<\/a><\/div><\/div><\/div>\n<div class=\" pt-cv-content-item pt-cv-1-col\" ><div class=\"pt-cv-thumb-wrapper  \"><a href=\"https:\/\/yazid.monsieurrado.fr\/index.php\/2026\/03\/02\/perfectly-on-furniture\/\" class=\"_self pt-cv-href-thumbnail pt-cv-thumb-default\" target=\"_self\" ><img decoding=\"async\" width=\"300\" height=\"158\" src=\"https:\/\/yazid.monsieurrado.fr\/wp-content\/uploads\/2026\/03\/image-4-300x158.png\" class=\"pt-cv-thumbnail\" alt=\"\" srcset=\"https:\/\/yazid.monsieurrado.fr\/wp-content\/uploads\/2026\/03\/image-4-300x158.png 300w, https:\/\/yazid.monsieurrado.fr\/wp-content\/uploads\/2026\/03\/image-4-1024x538.png 1024w, https:\/\/yazid.monsieurrado.fr\/wp-content\/uploads\/2026\/03\/image-4-768x403.png 768w, https:\/\/yazid.monsieurrado.fr\/wp-content\/uploads\/2026\/03\/image-4-600x315.png 600w, https:\/\/yazid.monsieurrado.fr\/wp-content\/uploads\/2026\/03\/image-4.png 1200w\" sizes=\"(max-width: 300px) 100vw, 300px\" \/><\/a><\/div>\n<div class=\"pt-cv-taxoterm above_title\"><a href='https:\/\/yazid.monsieurrado.fr\/index.php\/category\/theorie-2\/' title='Th\u00e9orie' class='pt-cv-tax-theorie-2'>Th\u00e9orie<\/a><\/div>\n<h4 class=\"pt-cv-title\"><a href=\"https:\/\/yazid.monsieurrado.fr\/index.php\/2026\/03\/02\/perfectly-on-furniture\/\" class=\"_self\" target=\"_self\" >Le Night King contr\u00f4le le temps et la m\u00e9moire<\/a><\/h4>\n<div class=\"pt-cv-content\">Th\u00e9orie : R\u00e9sum\u00e9 de la th\u00e9orie Certains fans pensent que Night King n\u2019est pas seulement un chef des White Walkers, ...<br \/><div class=\"pt-cv-rmwrap\"><a href=\"https:\/\/yazid.monsieurrado.fr\/index.php\/2026\/03\/02\/perfectly-on-furniture\/\" class=\"_self pt-cv-readmore btn btn-success\" target=\"_self\">Lire La Suite\u2026<\/a><\/div><\/div><\/div>\n<div class=\" pt-cv-content-item pt-cv-1-col\" ><div class=\"pt-cv-thumb-wrapper  \"><a href=\"https:\/\/yazid.monsieurrado.fr\/index.php\/2026\/03\/02\/fat-son-how-smiling-natural\/\" class=\"_self pt-cv-href-thumbnail pt-cv-thumb-default\" target=\"_self\" ><img decoding=\"async\" width=\"300\" height=\"187\" src=\"https:\/\/yazid.monsieurrado.fr\/wp-content\/uploads\/2026\/03\/image-3-300x187.png\" class=\"pt-cv-thumbnail\" alt=\"\" srcset=\"https:\/\/yazid.monsieurrado.fr\/wp-content\/uploads\/2026\/03\/image-3-300x187.png 300w, https:\/\/yazid.monsieurrado.fr\/wp-content\/uploads\/2026\/03\/image-3-768x480.png 768w, https:\/\/yazid.monsieurrado.fr\/wp-content\/uploads\/2026\/03\/image-3-600x375.png 600w, https:\/\/yazid.monsieurrado.fr\/wp-content\/uploads\/2026\/03\/image-3.png 932w\" sizes=\"(max-width: 300px) 100vw, 300px\" \/><\/a><\/div>\n<div class=\"pt-cv-taxoterm above_title\"><a href='https:\/\/yazid.monsieurrado.fr\/index.php\/category\/theorie-2\/' title='Th\u00e9orie' class='pt-cv-tax-theorie-2'>Th\u00e9orie<\/a><\/div>\n<h4 class=\"pt-cv-title\"><a href=\"https:\/\/yazid.monsieurrado.fr\/index.php\/2026\/03\/02\/fat-son-how-smiling-natural\/\" class=\"_self\" target=\"_self\" >Arya Stark est la v\u00e9ritable \u201cmessag\u00e8re du destin\u201d de Westeros<\/a><\/h4>\n<div class=\"pt-cv-content\">Th\u00e9orie : R\u00e9sum\u00e9 de la th\u00e9orie Certains fans pensent que Arya Stark n\u2019est pas seulement une assassin talentueuse, mais qu\u2019elle ...<br \/><div class=\"pt-cv-rmwrap\"><a href=\"https:\/\/yazid.monsieurrado.fr\/index.php\/2026\/03\/02\/fat-son-how-smiling-natural\/\" class=\"_self pt-cv-readmore btn btn-success\" target=\"_self\">Lire La Suite\u2026<\/a><\/div><\/div><\/div>\n<div class=\" pt-cv-content-item pt-cv-1-col\" ><div class=\"pt-cv-thumb-wrapper  \"><a href=\"https:\/\/yazid.monsieurrado.fr\/index.php\/2026\/03\/02\/can-curiosity-may-end-shameless-explained\/\" class=\"_self pt-cv-href-thumbnail pt-cv-thumb-default\" target=\"_self\" ><img loading=\"lazy\" decoding=\"async\" width=\"300\" height=\"169\" src=\"https:\/\/yazid.monsieurrado.fr\/wp-content\/uploads\/2026\/03\/image-2-300x169.png\" class=\"pt-cv-thumbnail\" alt=\"\" srcset=\"https:\/\/yazid.monsieurrado.fr\/wp-content\/uploads\/2026\/03\/image-2-300x169.png 300w, https:\/\/yazid.monsieurrado.fr\/wp-content\/uploads\/2026\/03\/image-2-1024x576.png 1024w, https:\/\/yazid.monsieurrado.fr\/wp-content\/uploads\/2026\/03\/image-2-768x432.png 768w, https:\/\/yazid.monsieurrado.fr\/wp-content\/uploads\/2026\/03\/image-2-1536x864.png 1536w, https:\/\/yazid.monsieurrado.fr\/wp-content\/uploads\/2026\/03\/image-2-600x338.png 600w, https:\/\/yazid.monsieurrado.fr\/wp-content\/uploads\/2026\/03\/image-2.png 1600w\" sizes=\"(max-width: 300px) 100vw, 300px\" \/><\/a><\/div>\n<div class=\"pt-cv-taxoterm above_title\"><a href='https:\/\/yazid.monsieurrado.fr\/index.php\/category\/bataille\/' title='Bataille' class='pt-cv-tax-bataille'>Bataille<\/a><\/div>\n<h4 class=\"pt-cv-title\"><a href=\"https:\/\/yazid.monsieurrado.fr\/index.php\/2026\/03\/02\/can-curiosity-may-end-shameless-explained\/\" class=\"_self\" target=\"_self\" >La Bataille des Bastards<\/a><\/h4>\n<div class=\"pt-cv-content\">La Bataille des Bastards \u2694\ufe0f R\u00e9sum\u00e9 La Bataille des Bastards est l\u2019un des affrontements les plus \u00e9piques de Game of ...<br \/><div class=\"pt-cv-rmwrap\"><a href=\"https:\/\/yazid.monsieurrado.fr\/index.php\/2026\/03\/02\/can-curiosity-may-end-shameless-explained\/\" class=\"_self pt-cv-readmore btn btn-success\" target=\"_self\">Lire La Suite\u2026<\/a><\/div><\/div><\/div>\n<div class=\" pt-cv-content-item pt-cv-1-col\" ><div class=\"pt-cv-thumb-wrapper  \"><a href=\"https:\/\/yazid.monsieurrado.fr\/index.php\/2026\/03\/02\/improve-him-believe-opinion-offered\/\" class=\"_self pt-cv-href-thumbnail pt-cv-thumb-default\" target=\"_self\" ><img loading=\"lazy\" decoding=\"async\" width=\"300\" height=\"168\" src=\"https:\/\/yazid.monsieurrado.fr\/wp-content\/uploads\/2026\/03\/image-1.png\" class=\"pt-cv-thumbnail\" alt=\"\" \/><\/a><\/div>\n<div class=\"pt-cv-taxoterm above_title\"><a href='https:\/\/yazid.monsieurrado.fr\/index.php\/category\/bataille\/' title='Bataille' class='pt-cv-tax-bataille'>Bataille<\/a><\/div>\n<h4 class=\"pt-cv-title\"><a href=\"https:\/\/yazid.monsieurrado.fr\/index.php\/2026\/03\/02\/improve-him-believe-opinion-offered\/\" class=\"_self\" target=\"_self\" >La Bataillle de Winterfell<\/a><\/h4>\n<div class=\"pt-cv-content\">La Bataille de Winterfell \ud83c\udff0\u2744\ufe0f R\u00e9sum\u00e9 La Bataille de Winterfell oppose les forces de Jon Snow, Daenerys Targaryen et leurs ...<br \/><div class=\"pt-cv-rmwrap\"><a href=\"https:\/\/yazid.monsieurrado.fr\/index.php\/2026\/03\/02\/improve-him-believe-opinion-offered\/\" class=\"_self pt-cv-readmore btn btn-success\" target=\"_self\">Lire La Suite\u2026<\/a><\/div><\/div><\/div>\n<div class=\" pt-cv-content-item pt-cv-1-col\" ><div class=\"pt-cv-thumb-wrapper  \"><a href=\"https:\/\/yazid.monsieurrado.fr\/index.php\/2026\/03\/02\/bonjour-tout-le-monde\/\" class=\"_self pt-cv-href-thumbnail pt-cv-thumb-default\" target=\"_self\" ><img loading=\"lazy\" decoding=\"async\" width=\"300\" height=\"169\" src=\"https:\/\/yazid.monsieurrado.fr\/wp-content\/uploads\/2026\/03\/image-300x169.png\" class=\"pt-cv-thumbnail\" alt=\"\" srcset=\"https:\/\/yazid.monsieurrado.fr\/wp-content\/uploads\/2026\/03\/image-300x169.png 300w, https:\/\/yazid.monsieurrado.fr\/wp-content\/uploads\/2026\/03\/image-1024x576.png 1024w, https:\/\/yazid.monsieurrado.fr\/wp-content\/uploads\/2026\/03\/image-768x432.png 768w, https:\/\/yazid.monsieurrado.fr\/wp-content\/uploads\/2026\/03\/image-600x338.png 600w, https:\/\/yazid.monsieurrado.fr\/wp-content\/uploads\/2026\/03\/image.png 1264w\" sizes=\"(max-width: 300px) 100vw, 300px\" \/><\/a><\/div>\n<div class=\"pt-cv-taxoterm above_title\"><a href='https:\/\/yazid.monsieurrado.fr\/index.php\/category\/bataille\/' title='Bataille' class='pt-cv-tax-bataille'>Bataille<\/a><\/div>\n<h4 class=\"pt-cv-title\"><a href=\"https:\/\/yazid.monsieurrado.fr\/index.php\/2026\/03\/02\/bonjour-tout-le-monde\/\" class=\"_self\" target=\"_self\" >La Guerre contre les White Walkers<\/a><\/h4>\n<div class=\"pt-cv-content\">La Guerre contre les White Walkers \u2744\ufe0f\ud83e\udddf\u200d\u2642\ufe0f R\u00e9sum\u00e9 La guerre contre les White Walkers est l\u2019un des arcs majeurs de ...<br \/><div class=\"pt-cv-rmwrap\"><a href=\"https:\/\/yazid.monsieurrado.fr\/index.php\/2026\/03\/02\/bonjour-tout-le-monde\/\" class=\"_self pt-cv-readmore btn btn-success\" target=\"_self\">Lire La Suite\u2026<\/a><\/div><\/div><\/div><\/div><\/div><\/div>\t\t\t<style type=\"text\/css\" id=\"pt-cv-inline-style-0ceba36az1\">\n#pt-cv-view-b6f030edza .pt-cv-thumb-wrapper:not(.miniwrap) {  }#pt-cv-view-b6f030edza .pt-cv-thumbnail:not(.pt-cv-thumbnailsm) { height: 250px; }#pt-cv-view-b6f030edza > .pt-cv-page {grid-template-columns: repeat(3, 1fr);grid-gap: 15px;}\n@media all and (max-width: 1024px) { \n#pt-cv-view-b6f030edza > .pt-cv-page {grid-template-columns: repeat(1, 1fr);}\n} \n@media all and (max-width: 767px) { \n#pt-cv-view-b6f030edza > .pt-cv-page {grid-template-columns: repeat(1, 1fr);}\n} <\/style>\r\n\t\t\t\n\n\n\n\n\n<p>Newsletter <\/p>\n\n\n<script>(function() {\n\twindow.mc4wp = window.mc4wp || {\n\t\tlisteners: [],\n\t\tforms: {\n\t\t\ton: function(evt, cb) {\n\t\t\t\twindow.mc4wp.listeners.push(\n\t\t\t\t\t{\n\t\t\t\t\t\tevent   : evt,\n\t\t\t\t\t\tcallback: cb\n\t\t\t\t\t}\n\t\t\t\t);\n\t\t\t}\n\t\t}\n\t}\n})();\n<\/script><!-- Mailchimp for WordPress v4.12.0 - https:\/\/wordpress.org\/plugins\/mailchimp-for-wp\/ --><form id=\"mc4wp-form-1\" class=\"mc4wp-form mc4wp-form-135\" method=\"post\" data-id=\"135\" data-name=\"\" ><div class=\"mc4wp-form-fields\"><p>\r\n    <label>Adresse e-mail<\/label>\r\n    <input type=\"email\" name=\"EMAIL\" autocomplete=\"email\"\r\n    required=\"\">\r\n<input type=\"hidden\" name=\"procaptcha\">\r\n<p>\r\n    <label>\r\n        <input type=\"checkbox\" name=\"AGREE_TO_TERMS\" value=\"1\" required=\"\">J'ai lu et accepte les termes et les conditions<\/label>\r\n<\/p>\r\n<p>\r\n    <input type=\"submit\" value=\"Abonnez-vous\">\r\n<\/p>\r\n<\/div><label style=\"display: none !important;\">Laissez ce champ vide si vous \u00eates humain\u00a0: <input type=\"text\" name=\"_mc4wp_honeypot\" value=\"\" tabindex=\"-1\" autocomplete=\"off\" \/><\/label><input type=\"hidden\" name=\"_mc4wp_timestamp\" value=\"1775395157\" \/><input type=\"hidden\" name=\"_mc4wp_form_id\" value=\"135\" \/><input type=\"hidden\" name=\"_mc4wp_form_element_id\" value=\"mc4wp-form-1\" \/><div class=\"mc4wp-response\"><\/div><\/form><!-- \/ Mailchimp for WordPress Plugin -->\n\n\n\n<p><\/p>\n","protected":false},"excerpt":{"rendered":"<p>R\u00e9sum\u00e9 Game of Thrones raconte la lutte entre plusieurs grandes familles, comme la House Stark, la House Lannister et la House Targaryen, pour contr\u00f4ler le Iron Throne et r\u00e9gner sur Westeros. Pendant ce temps, une menace dangereuse approche du nord : les White Walkers. Newsletter<\/p>\n","protected":false},"author":1,"featured_media":0,"parent":0,"menu_order":0,"comment_status":"closed","ping_status":"closed","template":"","meta":{"_themeisle_gutenberg_block_has_review":false,"footnotes":""},"class_list":["post-13","page","type-page","status-publish","hentry"],"jetpack_sharing_enabled":true,"_links":{"self":[{"href":"https:\/\/yazid.monsieurrado.fr\/index.php\/wp-json\/wp\/v2\/pages\/13","targetHints":{"allow":["GET"]}}],"collection":[{"href":"https:\/\/yazid.monsieurrado.fr\/index.php\/wp-json\/wp\/v2\/pages"}],"about":[{"href":"https:\/\/yazid.monsieurrado.fr\/index.php\/wp-json\/wp\/v2\/types\/page"}],"author":[{"embeddable":true,"href":"https:\/\/yazid.monsieurrado.fr\/index.php\/wp-json\/wp\/v2\/users\/1"}],"replies":[{"embeddable":true,"href":"https:\/\/yazid.monsieurrado.fr\/index.php\/wp-json\/wp\/v2\/comments?post=13"}],"version-history":[{"count":9,"href":"https:\/\/yazid.monsieurrado.fr\/index.php\/wp-json\/wp\/v2\/pages\/13\/revisions"}],"predecessor-version":[{"id":195,"href":"https:\/\/yazid.monsieurrado.fr\/index.php\/wp-json\/wp\/v2\/pages\/13\/revisions\/195"}],"wp:attachment":[{"href":"https:\/\/yazid.monsieurrado.fr\/index.php\/wp-json\/wp\/v2\/media?parent=13"}],"curies":[{"name":"wp","href":"https:\/\/api.w.org\/{rel}","templated":true}]}}