{"id":118,"date":"2026-03-23T16:03:44","date_gmt":"2026-03-23T15:03:44","guid":{"rendered":"https:\/\/yazid.monsieurrado.fr\/?post_type=product&#038;p=118"},"modified":"2026-03-23T16:03:44","modified_gmt":"2026-03-23T15:03:44","slug":"descriptif-long-poster-daenerys-targaryen-game-of-thrones","status":"publish","type":"product","link":"https:\/\/yazid.monsieurrado.fr\/index.php\/produit\/descriptif-long-poster-daenerys-targaryen-game-of-thrones\/","title":{"rendered":"Descriptif long \u2013 Poster Daenerys Targaryen \u2013 Game of Thrones"},"content":{"rendered":"<p data-start=\"327\" data-end=\"725\">Ce poster met en avant Daenerys Targaryen, figure embl\u00e9matique de Game of Thrones, connue pour sa force, son charisme et son destin hors du commun. Repr\u00e9sent\u00e9e avec sa chevelure argent\u00e9e caract\u00e9ristique et son regard d\u00e9termin\u00e9, elle incarne toute la puissance de la \u201cM\u00e8re des Dragons\u201d.<\/p>\n<p data-start=\"727\" data-end=\"980\">Le visuel propose une composition riche et immersive, souvent accompagn\u00e9e d\u2019\u00e9l\u00e9ments symboliques comme ses dragons ou des d\u00e9cors \u00e9voquant ses conqu\u00eates. Les jeux de lumi\u00e8re et les contrastes renforcent l\u2019intensit\u00e9 de l\u2019image, offrant un rendu captivant.<\/p>\n<p data-start=\"982\" data-end=\"1264\">Imprim\u00e9 sur un papier de haute qualit\u00e9, ce poster garantit une excellente durabilit\u00e9 ainsi qu\u2019une restitution fid\u00e8le des couleurs et des d\u00e9tails. Il peut \u00eatre facilement encadr\u00e9 ou affich\u00e9, s\u2019int\u00e9grant parfaitement dans une chambre, un bureau ou un espace d\u00e9di\u00e9 \u00e0 l\u2019univers fantasy.<\/p>\n","protected":false},"excerpt":{"rendered":"<p>Poster repr\u00e9sentant Daenerys Targaryen avec un visuel \u00e9l\u00e9gant et fid\u00e8le \u00e0 la s\u00e9rie. Impression de qualit\u00e9, couleurs intenses et finitions soign\u00e9es. Parfait pour d\u00e9corer un espace ou compl\u00e9ter une collection.<\/p>\n","protected":false},"featured_media":119,"template":"","meta":{"_themeisle_gutenberg_block_has_review":false},"product_brand":[],"product_cat":[22],"product_tag":[],"class_list":{"0":"post-118","1":"product","2":"type-product","3":"status-publish","4":"has-post-thumbnail","6":"product_cat-poster","8":"first","9":"instock","10":"sale","11":"shipping-taxable","12":"purchasable","13":"product-type-simple"},"jetpack_sharing_enabled":true,"_links":{"self":[{"href":"https:\/\/yazid.monsieurrado.fr\/index.php\/wp-json\/wp\/v2\/product\/118","targetHints":{"allow":["GET"]}}],"collection":[{"href":"https:\/\/yazid.monsieurrado.fr\/index.php\/wp-json\/wp\/v2\/product"}],"about":[{"href":"https:\/\/yazid.monsieurrado.fr\/index.php\/wp-json\/wp\/v2\/types\/product"}],"wp:featuredmedia":[{"embeddable":true,"href":"https:\/\/yazid.monsieurrado.fr\/index.php\/wp-json\/wp\/v2\/media\/119"}],"wp:attachment":[{"href":"https:\/\/yazid.monsieurrado.fr\/index.php\/wp-json\/wp\/v2\/media?parent=118"}],"wp:term":[{"taxonomy":"product_brand","embeddable":true,"href":"https:\/\/yazid.monsieurrado.fr\/index.php\/wp-json\/wp\/v2\/product_brand?post=118"},{"taxonomy":"product_cat","embeddable":true,"href":"https:\/\/yazid.monsieurrado.fr\/index.php\/wp-json\/wp\/v2\/product_cat?post=118"},{"taxonomy":"product_tag","embeddable":true,"href":"https:\/\/yazid.monsieurrado.fr\/index.php\/wp-json\/wp\/v2\/product_tag?post=118"}],"curies":[{"name":"wp","href":"https:\/\/api.w.org\/{rel}","templated":true}]}}