{"id":209,"date":"2026-03-31T14:09:48","date_gmt":"2026-03-31T12:09:48","guid":{"rendered":"https:\/\/yazid.monsieurrado.fr\/?post_type=product&#038;p=209"},"modified":"2026-03-31T14:09:49","modified_gmt":"2026-03-31T12:09:49","slug":"figurine-de-tyrion-lannister","status":"publish","type":"product","link":"https:\/\/yazid.monsieurrado.fr\/index.php\/produit\/figurine-de-tyrion-lannister\/","title":{"rendered":"Figurine de Tyrion Lannister"},"content":{"rendered":"<p data-start=\"92\" data-end=\"367\">Cette figurine de Tyrion Lannister met en valeur toute l\u2019intelligence et le charisme du c\u00e9l\u00e8bre personnage. Fid\u00e8lement repr\u00e9sent\u00e9 avec ses traits distinctifs, son regard vif et son expression malicieuse, il incarne parfaitement \u201cle Lutin\u201d tel qu\u2019on le d\u00e9couvre dans la s\u00e9rie.<\/p>\n<p data-start=\"369\" data-end=\"690\">V\u00eatu de ses habits nobles inspir\u00e9s de Port-R\u00e9al, il porte une tenue richement d\u00e9taill\u00e9e avec textures et finitions soign\u00e9es, refl\u00e9tant son statut et son go\u00fbt pour le raffinement. Selon la version, il peut tenir une coupe de vin ou adopter une posture confiante, soulignant son esprit strat\u00e9gique et son humour l\u00e9gendaire.<\/p>\n<p data-start=\"692\" data-end=\"899\">Chaque d\u00e9tail, des plis de ses v\u00eatements \u00e0 la finesse de la peinture, contribue \u00e0 un rendu r\u00e9aliste et immersif. Le socle peut \u00e9voquer les salles du Donjon Rouge ou l\u2019univers politique dans lequel il \u00e9volue.<\/p>\n","protected":false},"excerpt":{"rendered":"<p>Cette figurine de Tyrion Lannister met en valeur toute l\u2019intelligence et le charisme du c\u00e9l\u00e8bre personnage. Fid\u00e8lement repr\u00e9sent\u00e9 avec ses traits distinctifs, son regard vif et son expression malicieuse, il incarne parfaitement \u201cle Lutin\u201d tel qu\u2019on le d\u00e9couvre dans la s\u00e9rie. V\u00eatu de ses habits nobles inspir\u00e9s de Port-R\u00e9al, il [&hellip;]<\/p>\n","protected":false},"featured_media":115,"template":"","meta":{"_themeisle_gutenberg_block_has_review":false},"product_brand":[],"product_cat":[21],"product_tag":[],"class_list":{"0":"post-209","1":"product","2":"type-product","3":"status-publish","4":"has-post-thumbnail","6":"product_cat-figurine","8":"first","9":"instock","10":"sale","11":"shipping-taxable","12":"purchasable","13":"product-type-simple"},"jetpack_sharing_enabled":true,"_links":{"self":[{"href":"https:\/\/yazid.monsieurrado.fr\/index.php\/wp-json\/wp\/v2\/product\/209","targetHints":{"allow":["GET"]}}],"collection":[{"href":"https:\/\/yazid.monsieurrado.fr\/index.php\/wp-json\/wp\/v2\/product"}],"about":[{"href":"https:\/\/yazid.monsieurrado.fr\/index.php\/wp-json\/wp\/v2\/types\/product"}],"wp:featuredmedia":[{"embeddable":true,"href":"https:\/\/yazid.monsieurrado.fr\/index.php\/wp-json\/wp\/v2\/media\/115"}],"wp:attachment":[{"href":"https:\/\/yazid.monsieurrado.fr\/index.php\/wp-json\/wp\/v2\/media?parent=209"}],"wp:term":[{"taxonomy":"product_brand","embeddable":true,"href":"https:\/\/yazid.monsieurrado.fr\/index.php\/wp-json\/wp\/v2\/product_brand?post=209"},{"taxonomy":"product_cat","embeddable":true,"href":"https:\/\/yazid.monsieurrado.fr\/index.php\/wp-json\/wp\/v2\/product_cat?post=209"},{"taxonomy":"product_tag","embeddable":true,"href":"https:\/\/yazid.monsieurrado.fr\/index.php\/wp-json\/wp\/v2\/product_tag?post=209"}],"curies":[{"name":"wp","href":"https:\/\/api.w.org\/{rel}","templated":true}]}}